{"id":60,"date":"2021-05-17T03:52:20","date_gmt":"2021-05-17T01:52:20","guid":{"rendered":"https:\/\/artisansdepanneur.wordpress.com\/?page_id=60"},"modified":"2021-11-12T13:04:49","modified_gmt":"2021-11-12T12:04:49","slug":"nos-realisations","status":"publish","type":"page","link":"https:\/\/intervention-serrurier-express.fr\/Accueil\/serrurier-montpellier\/nos-realisations\/","title":{"rendered":"Nos R\u00e9alisations"},"content":{"rendered":"\r\n<figure class=\"wp-block-pullquote\">\r\n<blockquote>\r\n<p><strong><span class=\"has-inline-color\" style=\"color: #0a0f8e;\">Votre Serrurier Express Montpellier &#8211; Serrurier Pas Cher &#8211; \u00e0 votre service sur Montpellier et jusqu&rsquo;\u00e0 50 km aux alentours.<\/span><\/strong><\/p>\r\n<\/blockquote>\r\n<\/figure>\r\n\r\n\r\n\r\n<div class=\"wp-block-group alignfull\"><div class=\"wp-block-group__inner-container is-layout-flow wp-block-group-is-layout-flow\">\r\n<div class=\"wp-block-jetpack-layout-grid column1-desktop-grid__span-3 column1-desktop-grid__row-1 column2-desktop-grid__span-3 column2-desktop-grid__start-4 column2-desktop-grid__row-1 column3-desktop-grid__span-3 column3-desktop-grid__start-7 column3-desktop-grid__row-1 column4-desktop-grid__span-3 column4-desktop-grid__start-10 column4-desktop-grid__row-1 column1-tablet-grid__span-4 column1-tablet-grid__row-1 column2-tablet-grid__span-4 column2-tablet-grid__start-5 column2-tablet-grid__row-1 column3-tablet-grid__span-4 column3-tablet-grid__row-2 column4-tablet-grid__span-4 column4-tablet-grid__start-5 column4-tablet-grid__row-2 column1-mobile-grid__span-4 column1-mobile-grid__row-1 column2-mobile-grid__span-4 column2-mobile-grid__row-2 column3-mobile-grid__span-4 column3-mobile-grid__row-3 column4-mobile-grid__span-4 column4-mobile-grid__row-4\">\r\n<div class=\"wp-block-jetpack-layout-grid-column wp-block-jetpack-layout-grid__padding-none\">\r\n<p id=\"block-477621b8-c2e2-44f3-ade2-cd1c7efd2c2e\">\u00a0<\/p>\r\n\r\n\r\n\r\n<p><img decoding=\"async\" src=\"https:\/\/www.serrurierparis.paris\/img\/icones\/ouverture-porte.png\" alt=\"Ouverture de porte Paris\" loading=\"lazy\" \/><\/p>\r\n\r\n\r\n\r\n<h3 class=\"wp-block-heading\">Ouverture de porte &#8211; Serrurier Express Montpellier<\/h3>\r\n\r\n\r\n\r\n<p>Vous \u00eates <strong>enferm\u00e9<\/strong> dehors car vous avez oubli\u00e9 vos cl\u00e9s \u00e0 l&rsquo;int\u00e9rieur ? Vous avez perdu vos cl\u00e9s ? La porte est bloqu\u00e9e ?\u00a0 Le <strong>Serrurier express<\/strong> interviendra le plus rapidement possible pour ouvrir votre porte et vous permettre de d\u00e9bloquer la situation.<br \/>Il vous conseillera \u00e9galement sur les bon r\u00e9flexes \u00e0 avoir pour vous \u00e9viter de bloquer votre porte (avoir un double des cl\u00e9s, bien faire entretenir r\u00e9guli\u00e8rement sa serrure, \u2026). Devis gratuit en ligne\u00a0<\/p>\r\n<p><b>Serrurier Montpellier peut s&rsquo;occuper de changer cylindre, changer porte ou changer fen\u00eatre.\u00a0<\/b><\/p>\r\n<\/div>\r\n\r\n\r\n\r\n<div class=\"wp-block-jetpack-layout-grid-column wp-block-jetpack-layout-grid__padding-none\">\r\n<p>&nbsp;<\/p>\r\n\r\n\r\n\r\n<p><img decoding=\"async\" src=\"https:\/\/www.serrurierparis.paris\/img\/icones\/porte-blindee.png\" alt=\"Installation Porte blind\u00e9e Paris\" loading=\"lazy\" \/><\/p>\r\n\r\n\r\n\r\n<h3 class=\"wp-block-heading\">Porte blind\u00e9e &#8211; Serrurier d&rsquo;urgence<\/h3>\r\n\r\n\r\n\r\n<p>Votre <b>Serrurier express Montpellier <\/b>pourra vous accompagner et vous conseiller sur l&rsquo;installation d&rsquo;une porte blind\u00e9e pour votre logement situ\u00e9e dans la r\u00e9gion Montpelli\u00e9raine.<br \/>Il pourra vous \u00e9noncer les avantages et les inconv\u00e9nients d&rsquo;une telle installation, relative \u00e0 votre situation.<br \/>Le<strong> <strong>Serrurier d&rsquo;urgence<\/strong> <\/strong>\u00a0vous expliquera \u00e9galement comment il pourra intervenir pour s\u00e9curiser au mieux votre futur ou actuelle porte blind\u00e9e.<\/p>\r\n<\/div>\r\n\r\n\r\n\r\n<div class=\"wp-block-jetpack-layout-grid-column wp-block-jetpack-layout-grid__padding-none\">\r\n<p>&nbsp;<\/p>\r\n\r\n\r\n\r\n<p><img decoding=\"async\" src=\"https:\/\/www.serrurierparis.paris\/img\/icones\/rideau-metallique.png\" alt=\"Installation Rideau m\u00e9tallique Paris\" loading=\"lazy\" \/><\/p>\r\n\r\n\r\n\r\n<h3 class=\"wp-block-heading\">Rideau m\u00e9tallique &#8211; Serrurier Pas Cher<\/h3>\r\n\r\n\r\n\r\n<p>Votre <strong>Serrurier urgent <\/strong><strong>Montpellier<\/strong>\u00a0est \u00e9galement sp\u00e9cialis\u00e9 dans l&rsquo;installation et le\u00a0<strong>d\u00e9pannage<\/strong>, la\u00a0<strong>fabrication<\/strong>, l&rsquo;assistance, le\u00a0<strong>d\u00e9blocage<\/strong>\u00a0et l&rsquo;<a href=\"https:\/\/urgence-serrurier-montpellier.fr\/Accueil\/\"><strong>ouverture<\/strong>\u00a0des\u00a0<strong>rideaux m\u00e9talliques<\/strong><\/a>\u00a0sur Montpellier. Contrairement \u00e0 ce que l&rsquo;on pourrait croire, un simple rideau m\u00e9tallique dispose \u00e9galement d&rsquo;une forme de serrure et de s\u00e9curit\u00e9 qui doit \u00eatre optimale.<br \/>Cependant, s&rsquo;ils sont mal s\u00e9curis\u00e9s, il peut \u00eatre aussi tr\u00e8s simple de les bloquer, de les ab\u00eemer ou de les fracturer.<\/p>\r\n<\/div>\r\n\r\n\r\n\r\n<div class=\"wp-block-jetpack-layout-grid-column wp-block-jetpack-layout-grid__padding-none\">\r\n<p>&nbsp;<\/p>\r\n\r\n\r\n\r\n<p><img decoding=\"async\" src=\"https:\/\/www.serrurierparis.paris\/img\/icones\/changement-serrure.png\" alt=\"Remplacement de serrure Paris\" loading=\"lazy\" \/><\/p>\r\n\r\n\r\n\r\n<h3 class=\"wp-block-heading\">Changement de serrure &#8211; Serrurier Express Montpellier<\/h3>\r\n\r\n\r\n\r\n<p>Avec les mois et les ann\u00e9es, la serrure s&rsquo;ab\u00eeme, devient plus dure \u00e0 utiliser, \u00e0 tourner et peut m\u00eame casser, bloquer la porte ou retenir une cl\u00e9. Il est donc important de faire appel \u00e0 votre\u00a0<strong>Serrurier Express Montpellier <\/strong>\u00a0\u00e0 Montpellier r\u00e9guli\u00e8rement pour qu&rsquo;il puisse entretenir votre\u00a0<strong>serrure<\/strong>\u00a0et augmenter sa dur\u00e9e de vie le jour j pour le changement de serrure notre serrurier vous demandera un justificatif de domicile, si vous venez de faire un\u00a0<a href=\"https:\/\/urgence-serrurier-montpellier.fr\/\"><strong>d\u00e9m\u00e9nagement \u00e0 Montpellier<\/strong><\/a>\u00a0il faudra faire un\u00a0<a href=\"https:\/\/www.service-public.fr\/particuliers\/vosdroits\/R11193\"><strong>changement d&rsquo;adresse<\/strong><\/a>.<\/p>\r\n<\/div>\r\n<\/div>\r\n<\/div><\/div>\r\n\r\n\r\n\r\n\r\n\r\n<p>&nbsp;<\/p>\r\n<p>&nbsp;<\/p>\r\n\r\n\r\n\r\n<div class=\"wp-block-group alignfull\"><div class=\"wp-block-group__inner-container is-layout-flow wp-block-group-is-layout-flow\">\r\n<div class=\"wp-block-jetpack-layout-grid alignfull column1-desktop-grid__span-3 column1-desktop-grid__row-1 column2-desktop-grid__span-3 column2-desktop-grid__start-4 column2-desktop-grid__row-1 column3-desktop-grid__span-3 column3-desktop-grid__start-7 column3-desktop-grid__row-1 column4-desktop-grid__span-3 column4-desktop-grid__start-10 column4-desktop-grid__row-1 column1-tablet-grid__span-4 column1-tablet-grid__row-1 column2-tablet-grid__span-4 column2-tablet-grid__start-5 column2-tablet-grid__row-1 column3-tablet-grid__span-4 column3-tablet-grid__row-2 column4-tablet-grid__span-4 column4-tablet-grid__start-5 column4-tablet-grid__row-2 column1-mobile-grid__span-4 column1-mobile-grid__row-1 column2-mobile-grid__span-4 column2-mobile-grid__row-2 column3-mobile-grid__span-4 column3-mobile-grid__row-3 column4-mobile-grid__span-4 column4-mobile-grid__row-4\">\r\n<div class=\"wp-block-jetpack-layout-grid-column wp-block-jetpack-layout-grid__padding-none\">\r\n<p><img decoding=\"async\" src=\"https:\/\/www.serrurierparis.paris\/img\/icones\/coffre-fort.png\" alt=\"D\u00e9pannage coffre fort Paris\" loading=\"lazy\" \/><\/p>\r\n<h3>Coffre fort<\/h3>\r\n<p><strong>Serrurier Coffre fort Paris<\/strong>\u00a0\u00ab de confiance \u00bb pourra \u00e9galement intervenir aupr\u00e8s de vous si vous disposez d&rsquo;un\u00a0<strong>coffre fort<\/strong>. Notre but sera alors de vous proposer la meilleure protection (la plus imp\u00e9n\u00e9trable et la plus difficile \u00e0 fracturer) possible \u00e0 mettre en place. Les serrures de coffre-fort sont tr\u00e8s r\u00e9sistantes et sont cens\u00e9es durer dans le temps.<\/p>\r\n<\/div>\r\n<\/div>\r\n<p>&nbsp;<\/p>\r\n<div class=\"wp-block-jetpack-layout-grid alignfull column1-desktop-grid__span-3 column1-desktop-grid__row-1 column2-desktop-grid__span-3 column2-desktop-grid__start-4 column2-desktop-grid__row-1 column3-desktop-grid__span-3 column3-desktop-grid__start-7 column3-desktop-grid__row-1 column4-desktop-grid__span-3 column4-desktop-grid__start-10 column4-desktop-grid__row-1 column1-tablet-grid__span-4 column1-tablet-grid__row-1 column2-tablet-grid__span-4 column2-tablet-grid__start-5 column2-tablet-grid__row-1 column3-tablet-grid__span-4 column3-tablet-grid__row-2 column4-tablet-grid__span-4 column4-tablet-grid__start-5 column4-tablet-grid__row-2 column1-mobile-grid__span-4 column1-mobile-grid__row-1 column2-mobile-grid__span-4 column2-mobile-grid__row-2 column3-mobile-grid__span-4 column3-mobile-grid__row-3 column4-mobile-grid__span-4 column4-mobile-grid__row-4\">\r\n<div class=\"wp-block-jetpack-layout-grid-column wp-block-jetpack-layout-grid__padding-none\">\r\n<p><img decoding=\"async\" src=\"https:\/\/www.serrurierparis.paris\/img\/icones\/double-clef.png\" alt=\"Reproduction de clef Paris\" loading=\"lazy\" \/><\/p>\r\n<h3>Double cl\u00e9<\/h3>\r\n<p>Il est tr\u00e8s important, pour vous et votre s\u00e9curit\u00e9, de disposer d&rsquo;un double (voir un triple) des cl\u00e9s.<br \/>Il n&rsquo;est jamais tr\u00e8s intelligent de ne poss\u00e9der qu&rsquo;un seul jeu.\u00a0<strong> Votre S<strong>errurier d&rsquo;urgence<\/strong><\/strong> est capable de vous fournir rapidement un double, de bonne qualit\u00e9.<br \/>Le prix d&rsquo;un double varie selon la complexit\u00e9 de la cl\u00e9.<\/p>\r\n<\/div>\r\n<div class=\"wp-block-jetpack-layout-grid-column wp-block-jetpack-layout-grid__padding-none\">\u00a0<\/div>\r\n<div class=\"wp-block-jetpack-layout-grid-column wp-block-jetpack-layout-grid__padding-none\">\u00a0<\/div>\r\n<\/div>\r\n<\/div><\/div>\r\n","protected":false},"excerpt":{"rendered":"<p>Votre Serrurier Express Montpellier &#8211; Serrurier Pas Cher &#8211; \u00e0 votre service sur Montpellier et jusqu&rsquo;\u00e0 50 km aux alentours. \u00a0 Ouverture de porte &#8211; Serrurier Express Montpellier Vous \u00eates enferm\u00e9 dehors car vous avez oubli\u00e9 vos cl\u00e9s \u00e0 l&rsquo;int\u00e9rieur ? Vous avez perdu vos cl\u00e9s ? La porte est bloqu\u00e9e ?\u00a0 Le Serrurier express [&hellip;]<\/p>\n","protected":false},"author":1,"featured_media":282,"parent":76,"menu_order":0,"comment_status":"closed","ping_status":"closed","template":"elementor_theme","meta":{"footnotes":""},"class_list":["post-60","page","type-page","status-publish","has-post-thumbnail","czr-hentry"],"yoast_head":"<!-- This site is optimized with the Yoast SEO plugin v27.6 - https:\/\/yoast.com\/product\/yoast-seo-wordpress\/ -->\n<title>Urgence D\u00e9pannage Serrurerie Vitrerie<\/title>\n<meta name=\"description\" content=\"Serrurier express Montpellier, Vitrier et Volets roulants. Nos artisans sp\u00e9cialis\u00e9s, chez vous Montpellier et autours en 30min 07.67.71.87.97\" \/>\n<meta name=\"robots\" content=\"index, follow, max-snippet:-1, max-image-preview:large, max-video-preview:-1\" \/>\n<link rel=\"canonical\" href=\"https:\/\/intervention-serrurier-express.fr\/Accueil\/serrurier-montpellier\/nos-realisations\/\" \/>\n<meta property=\"og:locale\" content=\"fr_FR\" \/>\n<meta property=\"og:type\" content=\"article\" \/>\n<meta property=\"og:title\" content=\"Serrurier express montpellier \/porte claqu\u00e9e \/ Vitrier \/Volets roulants 24h\/24\" \/>\n<meta property=\"og:description\" content=\"Serrurier express Montpellier, Vitrier et Volets roulants. Nos artisans sp\u00e9cialis\u00e9s, chez vous Montpellier et autours en 30min 07.67.71.87.97\" \/>\n<meta property=\"og:url\" content=\"https:\/\/intervention-serrurier-express.fr\/Accueil\/serrurier-montpellier\/nos-realisations\/\" \/>\n<meta property=\"og:site_name\" content=\"Urgence D\u00e9pannage Serrurerie Vitrerie\" \/>\n<meta property=\"article:modified_time\" content=\"2021-11-12T12:04:49+00:00\" \/>\n<meta property=\"og:image\" content=\"https:\/\/intervention-serrurier-express.fr\/wp-content\/uploads\/2021\/06\/77.jpg\" \/>\n\t<meta property=\"og:image:width\" content=\"248\" \/>\n\t<meta property=\"og:image:height\" content=\"203\" \/>\n\t<meta property=\"og:image:type\" content=\"image\/jpeg\" \/>\n<meta name=\"twitter:card\" content=\"summary_large_image\" \/>\n<meta name=\"twitter:label1\" content=\"Dur\u00e9e de lecture estim\u00e9e\" \/>\n\t<meta name=\"twitter:data1\" content=\"4 minutes\" \/>\n<script type=\"application\/ld+json\" class=\"yoast-schema-graph\">{\"@context\":\"https:\\\/\\\/schema.org\",\"@graph\":[{\"@type\":\"WebPage\",\"@id\":\"https:\\\/\\\/intervention-serrurier-express.fr\\\/Accueil\\\/serrurier-montpellier\\\/nos-realisations\\\/\",\"url\":\"https:\\\/\\\/intervention-serrurier-express.fr\\\/Accueil\\\/serrurier-montpellier\\\/nos-realisations\\\/\",\"name\":\"Serrurier express montpellier \\\/porte claqu\u00e9e \\\/ Vitrier \\\/Volets roulants 24h\\\/24\",\"isPartOf\":{\"@id\":\"https:\\\/\\\/intervention-serrurier-express.fr\\\/Accueil\\\/#website\"},\"primaryImageOfPage\":{\"@id\":\"https:\\\/\\\/intervention-serrurier-express.fr\\\/Accueil\\\/serrurier-montpellier\\\/nos-realisations\\\/#primaryimage\"},\"image\":{\"@id\":\"https:\\\/\\\/intervention-serrurier-express.fr\\\/Accueil\\\/serrurier-montpellier\\\/nos-realisations\\\/#primaryimage\"},\"thumbnailUrl\":\"https:\\\/\\\/intervention-serrurier-express.fr\\\/wp-content\\\/uploads\\\/2021\\\/06\\\/77.jpg\",\"datePublished\":\"2021-05-17T01:52:20+00:00\",\"dateModified\":\"2021-11-12T12:04:49+00:00\",\"description\":\"Serrurier express Montpellier, Vitrier et Volets roulants. Nos artisans sp\u00e9cialis\u00e9s, chez vous Montpellier et autours en 30min 07.67.71.87.97\",\"breadcrumb\":{\"@id\":\"https:\\\/\\\/intervention-serrurier-express.fr\\\/Accueil\\\/serrurier-montpellier\\\/nos-realisations\\\/#breadcrumb\"},\"inLanguage\":\"fr-FR\",\"potentialAction\":[{\"@type\":\"ReadAction\",\"target\":[\"https:\\\/\\\/intervention-serrurier-express.fr\\\/Accueil\\\/serrurier-montpellier\\\/nos-realisations\\\/\"]}]},{\"@type\":\"ImageObject\",\"inLanguage\":\"fr-FR\",\"@id\":\"https:\\\/\\\/intervention-serrurier-express.fr\\\/Accueil\\\/serrurier-montpellier\\\/nos-realisations\\\/#primaryimage\",\"url\":\"https:\\\/\\\/intervention-serrurier-express.fr\\\/wp-content\\\/uploads\\\/2021\\\/06\\\/77.jpg\",\"contentUrl\":\"https:\\\/\\\/intervention-serrurier-express.fr\\\/wp-content\\\/uploads\\\/2021\\\/06\\\/77.jpg\",\"width\":248,\"height\":203,\"caption\":\"24\\\/24 7\\\/7\"},{\"@type\":\"BreadcrumbList\",\"@id\":\"https:\\\/\\\/intervention-serrurier-express.fr\\\/Accueil\\\/serrurier-montpellier\\\/nos-realisations\\\/#breadcrumb\",\"itemListElement\":[{\"@type\":\"ListItem\",\"position\":1,\"name\":\"Accueil\",\"item\":\"https:\\\/\\\/intervention-serrurier-express.fr\\\/Accueil\\\/\"},{\"@type\":\"ListItem\",\"position\":2,\"name\":\"Serrurier Montpellier 24h\\\/24 7j\\\/7 &#8211; Urgence au 07.67.71.87.97\",\"item\":\"https:\\\/\\\/intervention-serrurier-express.fr\\\/Accueil\\\/\"},{\"@type\":\"ListItem\",\"position\":3,\"name\":\"Nos R\u00e9alisations\"}]},{\"@type\":\"WebSite\",\"@id\":\"https:\\\/\\\/intervention-serrurier-express.fr\\\/Accueil\\\/#website\",\"url\":\"https:\\\/\\\/intervention-serrurier-express.fr\\\/Accueil\\\/\",\"name\":\"Urgence D\u00e9pannage Serrurerie Vitrerie\",\"description\":\"Intervention Rapide 24h\\\/24 , 7j\\\/7\",\"publisher\":{\"@id\":\"https:\\\/\\\/intervention-serrurier-express.fr\\\/Accueil\\\/#organization\"},\"potentialAction\":[{\"@type\":\"SearchAction\",\"target\":{\"@type\":\"EntryPoint\",\"urlTemplate\":\"https:\\\/\\\/intervention-serrurier-express.fr\\\/Accueil\\\/?s={search_term_string}\"},\"query-input\":{\"@type\":\"PropertyValueSpecification\",\"valueRequired\":true,\"valueName\":\"search_term_string\"}}],\"inLanguage\":\"fr-FR\"},{\"@type\":\"Organization\",\"@id\":\"https:\\\/\\\/intervention-serrurier-express.fr\\\/Accueil\\\/#organization\",\"name\":\"URGENCE SERRURIER 24\\\/24 7\\\/7\",\"url\":\"https:\\\/\\\/intervention-serrurier-express.fr\\\/Accueil\\\/\",\"logo\":{\"@type\":\"ImageObject\",\"inLanguage\":\"fr-FR\",\"@id\":\"https:\\\/\\\/intervention-serrurier-express.fr\\\/Accueil\\\/#\\\/schema\\\/logo\\\/image\\\/\",\"url\":\"https:\\\/\\\/urgence-serrurier-montpellier.fr\\\/wp-content\\\/uploads\\\/2021\\\/06\\\/77.jpg\",\"contentUrl\":\"https:\\\/\\\/urgence-serrurier-montpellier.fr\\\/wp-content\\\/uploads\\\/2021\\\/06\\\/77.jpg\",\"width\":248,\"height\":203,\"caption\":\"URGENCE SERRURIER 24\\\/24 7\\\/7\"},\"image\":{\"@id\":\"https:\\\/\\\/intervention-serrurier-express.fr\\\/Accueil\\\/#\\\/schema\\\/logo\\\/image\\\/\"}}]}<\/script>\n<!-- \/ Yoast SEO plugin. -->","yoast_head_json":{"title":"Urgence D\u00e9pannage Serrurerie Vitrerie","description":"Serrurier express Montpellier, Vitrier et Volets roulants. Nos artisans sp\u00e9cialis\u00e9s, chez vous Montpellier et autours en 30min 07.67.71.87.97","robots":{"index":"index","follow":"follow","max-snippet":"max-snippet:-1","max-image-preview":"max-image-preview:large","max-video-preview":"max-video-preview:-1"},"canonical":"https:\/\/intervention-serrurier-express.fr\/Accueil\/serrurier-montpellier\/nos-realisations\/","og_locale":"fr_FR","og_type":"article","og_title":"Serrurier express montpellier \/porte claqu\u00e9e \/ Vitrier \/Volets roulants 24h\/24","og_description":"Serrurier express Montpellier, Vitrier et Volets roulants. Nos artisans sp\u00e9cialis\u00e9s, chez vous Montpellier et autours en 30min 07.67.71.87.97","og_url":"https:\/\/intervention-serrurier-express.fr\/Accueil\/serrurier-montpellier\/nos-realisations\/","og_site_name":"Urgence D\u00e9pannage Serrurerie Vitrerie","article_modified_time":"2021-11-12T12:04:49+00:00","og_image":[{"width":248,"height":203,"url":"https:\/\/intervention-serrurier-express.fr\/wp-content\/uploads\/2021\/06\/77.jpg","type":"image\/jpeg"}],"twitter_card":"summary_large_image","twitter_misc":{"Dur\u00e9e de lecture estim\u00e9e":"4 minutes"},"schema":{"@context":"https:\/\/schema.org","@graph":[{"@type":"WebPage","@id":"https:\/\/intervention-serrurier-express.fr\/Accueil\/serrurier-montpellier\/nos-realisations\/","url":"https:\/\/intervention-serrurier-express.fr\/Accueil\/serrurier-montpellier\/nos-realisations\/","name":"Serrurier express montpellier \/porte claqu\u00e9e \/ Vitrier \/Volets roulants 24h\/24","isPartOf":{"@id":"https:\/\/intervention-serrurier-express.fr\/Accueil\/#website"},"primaryImageOfPage":{"@id":"https:\/\/intervention-serrurier-express.fr\/Accueil\/serrurier-montpellier\/nos-realisations\/#primaryimage"},"image":{"@id":"https:\/\/intervention-serrurier-express.fr\/Accueil\/serrurier-montpellier\/nos-realisations\/#primaryimage"},"thumbnailUrl":"https:\/\/intervention-serrurier-express.fr\/wp-content\/uploads\/2021\/06\/77.jpg","datePublished":"2021-05-17T01:52:20+00:00","dateModified":"2021-11-12T12:04:49+00:00","description":"Serrurier express Montpellier, Vitrier et Volets roulants. Nos artisans sp\u00e9cialis\u00e9s, chez vous Montpellier et autours en 30min 07.67.71.87.97","breadcrumb":{"@id":"https:\/\/intervention-serrurier-express.fr\/Accueil\/serrurier-montpellier\/nos-realisations\/#breadcrumb"},"inLanguage":"fr-FR","potentialAction":[{"@type":"ReadAction","target":["https:\/\/intervention-serrurier-express.fr\/Accueil\/serrurier-montpellier\/nos-realisations\/"]}]},{"@type":"ImageObject","inLanguage":"fr-FR","@id":"https:\/\/intervention-serrurier-express.fr\/Accueil\/serrurier-montpellier\/nos-realisations\/#primaryimage","url":"https:\/\/intervention-serrurier-express.fr\/wp-content\/uploads\/2021\/06\/77.jpg","contentUrl":"https:\/\/intervention-serrurier-express.fr\/wp-content\/uploads\/2021\/06\/77.jpg","width":248,"height":203,"caption":"24\/24 7\/7"},{"@type":"BreadcrumbList","@id":"https:\/\/intervention-serrurier-express.fr\/Accueil\/serrurier-montpellier\/nos-realisations\/#breadcrumb","itemListElement":[{"@type":"ListItem","position":1,"name":"Accueil","item":"https:\/\/intervention-serrurier-express.fr\/Accueil\/"},{"@type":"ListItem","position":2,"name":"Serrurier Montpellier 24h\/24 7j\/7 &#8211; Urgence au 07.67.71.87.97","item":"https:\/\/intervention-serrurier-express.fr\/Accueil\/"},{"@type":"ListItem","position":3,"name":"Nos R\u00e9alisations"}]},{"@type":"WebSite","@id":"https:\/\/intervention-serrurier-express.fr\/Accueil\/#website","url":"https:\/\/intervention-serrurier-express.fr\/Accueil\/","name":"Urgence D\u00e9pannage Serrurerie Vitrerie","description":"Intervention Rapide 24h\/24 , 7j\/7","publisher":{"@id":"https:\/\/intervention-serrurier-express.fr\/Accueil\/#organization"},"potentialAction":[{"@type":"SearchAction","target":{"@type":"EntryPoint","urlTemplate":"https:\/\/intervention-serrurier-express.fr\/Accueil\/?s={search_term_string}"},"query-input":{"@type":"PropertyValueSpecification","valueRequired":true,"valueName":"search_term_string"}}],"inLanguage":"fr-FR"},{"@type":"Organization","@id":"https:\/\/intervention-serrurier-express.fr\/Accueil\/#organization","name":"URGENCE SERRURIER 24\/24 7\/7","url":"https:\/\/intervention-serrurier-express.fr\/Accueil\/","logo":{"@type":"ImageObject","inLanguage":"fr-FR","@id":"https:\/\/intervention-serrurier-express.fr\/Accueil\/#\/schema\/logo\/image\/","url":"https:\/\/urgence-serrurier-montpellier.fr\/wp-content\/uploads\/2021\/06\/77.jpg","contentUrl":"https:\/\/urgence-serrurier-montpellier.fr\/wp-content\/uploads\/2021\/06\/77.jpg","width":248,"height":203,"caption":"URGENCE SERRURIER 24\/24 7\/7"},"image":{"@id":"https:\/\/intervention-serrurier-express.fr\/Accueil\/#\/schema\/logo\/image\/"}}]}},"_links":{"self":[{"href":"https:\/\/intervention-serrurier-express.fr\/Accueil\/wp-json\/wp\/v2\/pages\/60","targetHints":{"allow":["GET"]}}],"collection":[{"href":"https:\/\/intervention-serrurier-express.fr\/Accueil\/wp-json\/wp\/v2\/pages"}],"about":[{"href":"https:\/\/intervention-serrurier-express.fr\/Accueil\/wp-json\/wp\/v2\/types\/page"}],"author":[{"embeddable":true,"href":"https:\/\/intervention-serrurier-express.fr\/Accueil\/wp-json\/wp\/v2\/users\/1"}],"replies":[{"embeddable":true,"href":"https:\/\/intervention-serrurier-express.fr\/Accueil\/wp-json\/wp\/v2\/comments?post=60"}],"version-history":[{"count":20,"href":"https:\/\/intervention-serrurier-express.fr\/Accueil\/wp-json\/wp\/v2\/pages\/60\/revisions"}],"predecessor-version":[{"id":607,"href":"https:\/\/intervention-serrurier-express.fr\/Accueil\/wp-json\/wp\/v2\/pages\/60\/revisions\/607"}],"up":[{"embeddable":true,"href":"https:\/\/intervention-serrurier-express.fr\/Accueil\/wp-json\/wp\/v2\/pages\/76"}],"wp:featuredmedia":[{"embeddable":true,"href":"https:\/\/intervention-serrurier-express.fr\/Accueil\/wp-json\/wp\/v2\/media\/282"}],"wp:attachment":[{"href":"https:\/\/intervention-serrurier-express.fr\/Accueil\/wp-json\/wp\/v2\/media?parent=60"}],"curies":[{"name":"wp","href":"https:\/\/api.w.org\/{rel}","templated":true}]}}