{"id":59,"date":"2021-05-17T03:52:19","date_gmt":"2021-05-17T01:52:19","guid":{"rendered":"https:\/\/artisansdepanneur.wordpress.com\/?page_id=59"},"modified":"2021-09-03T22:25:33","modified_gmt":"2021-09-03T21:25:33","slug":"nos-tarifs","status":"publish","type":"page","link":"https:\/\/intervention-serrurier-express.fr\/Accueil\/nos-tarifs\/","title":{"rendered":"Tarifs &#8211; Ouverture de porte Claqu\u00e9e 24h\/24 7j\/7 &#8211; Montpellier"},"content":{"rendered":"\r\n\r\n\r\n\r\n\r\n<p>Serrurier Porte Claqu\u00e9e<img fetchpriority=\"high\" decoding=\"async\" src=\"http:\/\/urgence-serrurier-montpellier.fr\/wp-content\/uploads\/2021\/08\/serrurier-montpellier-300x143.jpeg\" alt=\"Serrurier Porte Claqu\u00e9e\" width=\"700\" height=\"333\" \/><\/p>\r\n<h2 class=\"wp-block-heading\">Tarification pratiqu\u00e9e &#8211; Serrurier Porte Claqu\u00e9e<\/h2>\r\n<p>Toute prestation ( Ouverture de porte claqu\u00e9e) fait l\u2019objet d\u2019un devis pr\u00e9alablement accept\u00e9 dans lequel sera d\u00e9taill\u00e9 les tarifs de l\u2019intervention n\u00e9cessaire, incluant fourniture (si l\u2019op\u00e9ration le n\u00e9cessite), le d\u00e9placement et la main d\u2019\u0153uvre sp\u00e9cialis\u00e9e.<\/p>\r\n<p>Les\u00a0<strong>prix<\/strong>\u00a0pratiqu\u00e9s par votre serrurier \u00e0 Montpellier sont indiqu\u00e9s TTC et administrent le taux de TVA comme suit :<\/p>\r\n<p>La TVA r\u00e9duite \u00e0 10% est applicable pour les interventions d\u2019urgence suite \u00e0 un cambriolage ou \u00e0 une perte des cl\u00e9s.<\/p>\r\n<p>La TVA classique \u00e0 20% s\u2019applique dans les autres cas de figures.<\/p>\r\n<p>La tarification ainsi que notre prestation sont conformes aux normes de s\u00e9curit\u00e9 en vigueur et respectant les bar\u00e8mes des assurances.<\/p>\r\n<p><a href=\"https:\/\/urgence-serrurier-montpellier.fr\/Accueil\/nos-tarifs\/\">VOIR NOTRE GRILLE TARIFAIRE COMPL\u00c8TE<\/a><\/p>\r\n<p>&nbsp;<\/p>\r\n<h2>Prix des diff\u00e9rents d\u00e9placement &#8211; Serrurier Porte Claqu\u00e9e<\/h2>\r\n<p>Le tarif des prestations cit\u00e9s n\u2019incluent pas le d\u00e9placement, notez que pour toute prestation effectu\u00e9e \u00e0 Montpellier et dans son agglom\u00e9ration :<\/p>\r\n<ul>\r\n<li>De 8h00 \u00e0 19h00, le d\u00e9placement sera factur\u00e9 45 \u20ac TTC.<\/li>\r\n<li>Pour toute prestation effectu\u00e9e de 19h00 \u00e0 22h00, le d\u00e9placement sera factur\u00e9 70 \u20ac TTC.<\/li>\r\n<li>Pour toute prestation effectu\u00e9e hors agglom\u00e9ration, le prix du d\u00e9placement est au km: 2,09 \u20ac\/km.<\/li>\r\n<\/ul>\r\n<p><strong>La transparence est importante, c\u2019est pourquoi nous annon\u00e7ons nos prix clairement sur notre site. <\/strong><\/p>\r\n<p><strong>Lorsque nos clients ont le moindre doute, demandez-nous directement le prix de n\u2019importe laquelle de nos prestations en nous indiquant votre localisation pr\u00e9cise dans l\u2019agglom\u00e9ration montpelli\u00e9raine. Nous pouvons \u00e9galement proc\u00e9der \u00e0 un devis gratuit.<\/strong><\/p>\r\n<h2>\u00a0<\/h2>\r\n<h2><a href=\"https:\/\/urgence-serrurier-montpellier.fr\/Accueil\/nos-tarifs\/\">Tarif Ouverture<\/a> &#8211; Serrurier porte Claqu\u00e9e<\/h2>\r\n\r\n\r\n\r\n\r\n\r\n<figure class=\"is-layout-flow wp-block-group-is-layout-flow\">\r\n<table>\r\n<thead>\r\n<tr>\r\n<th>Ouverture de porte<\/th>\r\n<th>Tarif<\/th>\r\n<th>Total<\/th>\r\n<\/tr>\r\n<\/thead>\r\n<tbody>\r\n<tr>\r\n<td>Porte simple claqu\u00e9e\u00a0<\/td>\r\n<td>60\u20ac<\/td>\r\n<td><strong>60.00\u20ac<\/strong><\/td>\r\n<\/tr>\r\n<tr>\r\n<td>Porte simple ferm\u00e9e \u00e0 clef<\/td>\r\n<td>80\u20ac<\/td>\r\n<td><strong>80\u20ac<\/strong><\/td>\r\n<\/tr>\r\n<tr>\r\n<td>Porte Blind\u00e9e claqu\u00e9e<\/td>\r\n<td>120\u20ac<\/td>\r\n<td><strong>120\u20ac<\/strong><\/td>\r\n<\/tr>\r\n<tr>\r\n<td>Changement de Serrure<\/td>\r\n<td>85\u20ac<\/td>\r\n<td><strong>sur devis*<\/strong><\/td>\r\n<\/tr>\r\n<\/tbody>\r\n<tfoot>\r\n<tr>\r\n<td>* Obtenir un\u00a0<a href=\"https:\/\/www.serrurierparis.paris\/devis-gratuit.php\"><strong>devis gratuit.<\/strong><\/a>\u00a0ou nous appeler sur\u00a0 <strong>Serrurier Porte Claqu\u00e9e au <a href=\"tel:07 67 71 87 97\">07.67.71.87.97<\/a><\/strong><\/td>\r\n<\/tr>\r\n<\/tfoot>\r\n<\/table>\r\n<\/figure>\r\n\r\n\r\n\r\n\r\n\r\n<h2 class=\"wp-block-heading\">Tarif <a href=\"https:\/\/urgence-serrurier-montpellier.fr\/Accueil\/nos-realisations\/\">Changement de serrure Montpellier<\/a><\/h2>\r\n\r\n\r\n\r\n\r\n\r\n<figure class=\"is-layout-flow wp-block-group-is-layout-flow\">\r\n<table>\r\n<thead>\r\n<tr>\r\n<th>Changement serrure<\/th>\r\n<th>Tarif<\/th>\r\n<th>Total<\/th>\r\n<\/tr>\r\n<\/thead>\r\n<tbody>\r\n<tr>\r\n<td>Serrure simple\u00a0<\/td>\r\n<td>85\u20ac<\/td>\r\n<td><strong>sur devis*<\/strong><\/td>\r\n<\/tr>\r\n<tr>\r\n<td>Remplacement de cylindre<\/td>\r\n<td>85\u20ac<\/td>\r\n<td><strong>sur devis*<\/strong><\/td>\r\n<\/tr>\r\n<tr>\r\n<td>Serrure Multipoint<\/td>\r\n<td>135\u20ac<\/td>\r\n<td><strong>sur devis*<\/strong><\/td>\r\n<\/tr>\r\n<tr>\r\n<td>R\u00e9glage de porte<\/td>\r\n<td>135\u20ac<\/td>\r\n<td><strong>sur devis*<\/strong><\/td>\r\n<\/tr>\r\n<\/tbody>\r\n<tfoot>\r\n<tr>\r\n<td>* Prix de serrure a d\u00e9finir \u2013 Obtenir un\u00a0<a href=\"https:\/\/www.serrurierparis.paris\/devis-gratuit.php\"><strong>devis gratuit.<\/strong><\/a><\/td>\r\n<\/tr>\r\n<\/tfoot>\r\n<\/table>\r\n<\/figure>\r\n\r\n\r\n\r\n\r\n\r\n\r\n\r\n<h2 class=\"wp-block-heading\">Tarif Rideau m\u00e9tallique Montpellier<\/h2>\r\n\r\n\r\n\r\n\r\n\r\n<figure class=\"is-layout-flow wp-block-group-is-layout-flow\">\r\n<table>\r\n<thead>\r\n<tr>\r\n<th>Rideau m\u00e9tallique<\/th>\r\n<th>A partir de<\/th>\r\n<th>Total<\/th>\r\n<\/tr>\r\n<\/thead>\r\n<tbody>\r\n<tr>\r\n<td>R\u00e9paration<\/td>\r\n<td>290\u20ac<\/td>\r\n<td><strong>sur devis*<\/strong><\/td>\r\n<\/tr>\r\n<tr>\r\n<td>Pose<\/td>\r\n<td>85\u20ac<\/td>\r\n<td><strong>sur devis*<\/strong><\/td>\r\n<\/tr>\r\n<tr>\r\n<td>Sur-mesure \u00e0 tirage direct<\/td>\r\n<td>320\u20ac<\/td>\r\n<td><strong>sur devis*<\/strong><\/td>\r\n<\/tr>\r\n<tr>\r\n<td>Sur-mesure moteur central ou \u00e9lectrique<\/td>\r\n<td>420\u20ac<\/td>\r\n<td><strong>sur devis*<\/strong><\/td>\r\n<\/tr>\r\n<\/tbody>\r\n<tfoot>\r\n<tr>\r\n<td>* Obtenir un\u00a0<a href=\"https:\/\/www.serrurierparis.paris\/devis-gratuit.php\"><strong>devis gratuit.<\/strong><\/a><\/td>\r\n<\/tr>\r\n<\/tfoot>\r\n<\/table>\r\n<\/figure>\r\n\r\n\r\n\r\n\r\n\r\n<h2 class=\"wp-block-heading\">Serrurier Porte Claqu\u00e9e, Blindage<\/h2>\r\n\r\n\r\n\r\n\r\n\r\n<figure class=\"is-layout-flow wp-block-group-is-layout-flow\">\r\n<table>\r\n<thead>\r\n<tr>\r\n<th>Porte blind\u00e9e<\/th>\r\n<th>A partir de<\/th>\r\n<th>Total<\/th>\r\n<\/tr>\r\n<\/thead>\r\n<tbody>\r\n<tr>\r\n<td>Blindage de Porte BP1<\/td>\r\n<td>sur devis<\/td>\r\n<td><strong>sur devis*<\/strong><\/td>\r\n<\/tr>\r\n<tr>\r\n<td>Blindage de Porte BP3<\/td>\r\n<td>sur devis<\/td>\r\n<td><strong>sur devis*<\/strong><\/td>\r\n<\/tr>\r\n<tr>\r\n<td>Porte Blind\u00e9e BP1<\/td>\r\n<td>sur devis<\/td>\r\n<td><strong>sur devis*<\/strong><\/td>\r\n<\/tr>\r\n<tr>\r\n<td>Porte Blind\u00e9e BP3<\/td>\r\n<td>sur devis<\/td>\r\n<td><strong>sur devis*<\/strong><\/td>\r\n<\/tr>\r\n<\/tbody>\r\n<tfoot>\r\n<tr>\r\n<td>* Obtenir un\u00a0<a href=\"https:\/\/www.serrurierparis.paris\/devis-gratuit.php\"><strong>devis gratuit.<\/strong><\/a><\/td>\r\n<\/tr>\r\n<\/tfoot>\r\n<\/table>\r\n<h2>D\u00e9pannage simple<\/h2>\r\n<p>Pour une intervention sur une\u00a0<strong>serrure classique ou une porte claqu\u00e9e<\/strong>, il vous sera factur\u00e9 une main d\u2019oeuvre sp\u00e9cialis\u00e9e \u00e0 75\u20ac TTC (hors d\u00e9placement).<\/p>\r\n<p>Pour une ouverture de porte sur\u00a0<strong>serrure dite \u00ab\u00a0A2P\u00a0\u00bb ou sur une portes aux serrures multiples<\/strong>, il vous sera factur\u00e9 une main d\u2019\u0153uvre sp\u00e9cialis\u00e9e \u00e0 120\u20ac TTC (hors d\u00e9placement).<\/p>\r\n<p>Je vous invite \u00e0 consulter cette page d\u00e9di\u00e9e aux diff\u00e9rentes\u00a0<a href=\"https:\/\/www.serruriers-montpellier.fr\/serrures.html\">serrures<\/a> (et aux cylindres) afin d\u2019avoir une id\u00e9e de la cat\u00e9gorie tarifaire dans laquelle votre porte (ou tout autre type d\u2019ouverture) peut se trouver. Si vous avez un doute, n\u2019h\u00e9sitez pas \u00e0 nous contacter !<\/p>\r\n<h2>D\u00e9pannage avec changement de cylindre<\/h2>\r\n<p><span style=\"color: #3366ff;\">IMPORTANT:<\/span><\/p>\r\n<p>Nos artisans ne remplacerons le cylindre que si la s\u00e9curisation de votre domicile le n\u00e9cessite.<\/p>\r\n<p>Pour une intervention sur un cylindre simplement gripp\u00e9, non endommag\u00e9 ou une porte claqu\u00e9e non verrouill\u00e9e, veuillez vous r\u00e9f\u00e9rer \u00e0 la partie d\u00e9pannage simple (juste au-dessus).<\/p>\r\n<p>A l&rsquo;arriv\u00e9 du technicien, il estimera si un remplacement est indispensable, le prix d\u2019un cylindre classique, \u00e0 partir de 85\u20ac.<\/p>\r\n<p><strong>Les ouvertures, le remplacement et les installations de coffre fort s\u2019\u00e9tablissent sur devis.<\/strong><\/p>\r\n<\/figure>\r\n","protected":false},"excerpt":{"rendered":"<p>Serrurier Porte Claqu\u00e9e Tarification pratiqu\u00e9e &#8211; Serrurier Porte Claqu\u00e9e Toute prestation ( Ouverture de porte claqu\u00e9e) fait l\u2019objet d\u2019un devis pr\u00e9alablement accept\u00e9 dans lequel sera d\u00e9taill\u00e9 les tarifs de l\u2019intervention n\u00e9cessaire, incluant fourniture (si l\u2019op\u00e9ration le n\u00e9cessite), le d\u00e9placement et la main d\u2019\u0153uvre sp\u00e9cialis\u00e9e. Les\u00a0prix\u00a0pratiqu\u00e9s par votre serrurier \u00e0 Montpellier sont indiqu\u00e9s TTC et administrent [&hellip;]<\/p>\n","protected":false},"author":1,"featured_media":295,"parent":0,"menu_order":0,"comment_status":"closed","ping_status":"closed","template":"","meta":{"footnotes":""},"class_list":["post-59","page","type-page","status-publish","has-post-thumbnail","czr-hentry"],"yoast_head":"<!-- This site is optimized with the Yoast SEO plugin v27.6 - https:\/\/yoast.com\/product\/yoast-seo-wordpress\/ -->\n<title>Urgence D\u00e9pannage Serrurerie Vitrerie<\/title>\n<meta name=\"description\" content=\"Nos artisans sont avec vous 24h\/24 et 7j\/7 en 30 min. Nous vous d\u00e9pannons en express. Serrurier porte claqu\u00e9e. Contactez nous 07.67.71.87.97\" \/>\n<meta name=\"robots\" content=\"index, follow, max-snippet:-1, max-image-preview:large, max-video-preview:-1\" \/>\n<link rel=\"canonical\" href=\"https:\/\/intervention-serrurier-express.fr\/Accueil\/nos-tarifs\/\" \/>\n<meta property=\"og:locale\" content=\"fr_FR\" \/>\n<meta property=\"og:type\" content=\"article\" \/>\n<meta property=\"og:title\" content=\"Serrurier Porte Claqu\u00e9e Urgent \/ Urgence D\u00e9pannage Serrurerie Vitrerie\" \/>\n<meta property=\"og:description\" content=\"Nos artisans sont avec vous 24h\/24 et 7j\/7 en 30 min. Nous vous d\u00e9pannons en express. Serrurier porte claqu\u00e9e. Contactez nous 07.67.71.87.97\" \/>\n<meta property=\"og:url\" content=\"https:\/\/intervention-serrurier-express.fr\/Accueil\/nos-tarifs\/\" \/>\n<meta property=\"og:site_name\" content=\"Urgence D\u00e9pannage Serrurerie Vitrerie\" \/>\n<meta property=\"article:modified_time\" content=\"2021-09-03T21:25:33+00:00\" \/>\n<meta property=\"og:image\" content=\"https:\/\/intervention-serrurier-express.fr\/wp-content\/uploads\/2021\/06\/istockphoto-967561470-170x170-1.jpg\" \/>\n\t<meta property=\"og:image:width\" content=\"170\" \/>\n\t<meta property=\"og:image:height\" content=\"127\" \/>\n\t<meta property=\"og:image:type\" content=\"image\/jpeg\" \/>\n<meta name=\"twitter:card\" content=\"summary_large_image\" \/>\n<meta name=\"twitter:label1\" content=\"Dur\u00e9e de lecture estim\u00e9e\" \/>\n\t<meta name=\"twitter:data1\" content=\"3 minutes\" \/>\n<script type=\"application\/ld+json\" class=\"yoast-schema-graph\">{\"@context\":\"https:\\\/\\\/schema.org\",\"@graph\":[{\"@type\":\"WebPage\",\"@id\":\"https:\\\/\\\/intervention-serrurier-express.fr\\\/Accueil\\\/nos-tarifs\\\/\",\"url\":\"https:\\\/\\\/intervention-serrurier-express.fr\\\/Accueil\\\/nos-tarifs\\\/\",\"name\":\"Serrurier Porte Claqu\u00e9e Urgent \\\/ Urgence D\u00e9pannage Serrurerie Vitrerie\",\"isPartOf\":{\"@id\":\"https:\\\/\\\/intervention-serrurier-express.fr\\\/Accueil\\\/#website\"},\"primaryImageOfPage\":{\"@id\":\"https:\\\/\\\/intervention-serrurier-express.fr\\\/Accueil\\\/nos-tarifs\\\/#primaryimage\"},\"image\":{\"@id\":\"https:\\\/\\\/intervention-serrurier-express.fr\\\/Accueil\\\/nos-tarifs\\\/#primaryimage\"},\"thumbnailUrl\":\"https:\\\/\\\/intervention-serrurier-express.fr\\\/wp-content\\\/uploads\\\/2021\\\/06\\\/istockphoto-967561470-170x170-1.jpg\",\"datePublished\":\"2021-05-17T01:52:19+00:00\",\"dateModified\":\"2021-09-03T21:25:33+00:00\",\"description\":\"Nos artisans sont avec vous 24h\\\/24 et 7j\\\/7 en 30 min. Nous vous d\u00e9pannons en express. Serrurier porte claqu\u00e9e. Contactez nous 07.67.71.87.97\",\"breadcrumb\":{\"@id\":\"https:\\\/\\\/intervention-serrurier-express.fr\\\/Accueil\\\/nos-tarifs\\\/#breadcrumb\"},\"inLanguage\":\"fr-FR\",\"potentialAction\":[{\"@type\":\"ReadAction\",\"target\":[\"https:\\\/\\\/intervention-serrurier-express.fr\\\/Accueil\\\/nos-tarifs\\\/\"]}]},{\"@type\":\"ImageObject\",\"inLanguage\":\"fr-FR\",\"@id\":\"https:\\\/\\\/intervention-serrurier-express.fr\\\/Accueil\\\/nos-tarifs\\\/#primaryimage\",\"url\":\"https:\\\/\\\/intervention-serrurier-express.fr\\\/wp-content\\\/uploads\\\/2021\\\/06\\\/istockphoto-967561470-170x170-1.jpg\",\"contentUrl\":\"https:\\\/\\\/intervention-serrurier-express.fr\\\/wp-content\\\/uploads\\\/2021\\\/06\\\/istockphoto-967561470-170x170-1.jpg\",\"width\":170,\"height\":127,\"caption\":\"Ouverture de porte d\u00e8s 60 euros.\"},{\"@type\":\"BreadcrumbList\",\"@id\":\"https:\\\/\\\/intervention-serrurier-express.fr\\\/Accueil\\\/nos-tarifs\\\/#breadcrumb\",\"itemListElement\":[{\"@type\":\"ListItem\",\"position\":1,\"name\":\"Accueil\",\"item\":\"https:\\\/\\\/intervention-serrurier-express.fr\\\/Accueil\\\/\"},{\"@type\":\"ListItem\",\"position\":2,\"name\":\"Tarifs &#8211; Ouverture de porte Claqu\u00e9e 24h\\\/24 7j\\\/7 &#8211; Montpellier\"}]},{\"@type\":\"WebSite\",\"@id\":\"https:\\\/\\\/intervention-serrurier-express.fr\\\/Accueil\\\/#website\",\"url\":\"https:\\\/\\\/intervention-serrurier-express.fr\\\/Accueil\\\/\",\"name\":\"Urgence D\u00e9pannage Serrurerie Vitrerie\",\"description\":\"Intervention Rapide 24h\\\/24 , 7j\\\/7\",\"publisher\":{\"@id\":\"https:\\\/\\\/intervention-serrurier-express.fr\\\/Accueil\\\/#organization\"},\"potentialAction\":[{\"@type\":\"SearchAction\",\"target\":{\"@type\":\"EntryPoint\",\"urlTemplate\":\"https:\\\/\\\/intervention-serrurier-express.fr\\\/Accueil\\\/?s={search_term_string}\"},\"query-input\":{\"@type\":\"PropertyValueSpecification\",\"valueRequired\":true,\"valueName\":\"search_term_string\"}}],\"inLanguage\":\"fr-FR\"},{\"@type\":\"Organization\",\"@id\":\"https:\\\/\\\/intervention-serrurier-express.fr\\\/Accueil\\\/#organization\",\"name\":\"URGENCE SERRURIER 24\\\/24 7\\\/7\",\"url\":\"https:\\\/\\\/intervention-serrurier-express.fr\\\/Accueil\\\/\",\"logo\":{\"@type\":\"ImageObject\",\"inLanguage\":\"fr-FR\",\"@id\":\"https:\\\/\\\/intervention-serrurier-express.fr\\\/Accueil\\\/#\\\/schema\\\/logo\\\/image\\\/\",\"url\":\"https:\\\/\\\/urgence-serrurier-montpellier.fr\\\/wp-content\\\/uploads\\\/2021\\\/06\\\/77.jpg\",\"contentUrl\":\"https:\\\/\\\/urgence-serrurier-montpellier.fr\\\/wp-content\\\/uploads\\\/2021\\\/06\\\/77.jpg\",\"width\":248,\"height\":203,\"caption\":\"URGENCE SERRURIER 24\\\/24 7\\\/7\"},\"image\":{\"@id\":\"https:\\\/\\\/intervention-serrurier-express.fr\\\/Accueil\\\/#\\\/schema\\\/logo\\\/image\\\/\"}}]}<\/script>\n<!-- \/ Yoast SEO plugin. -->","yoast_head_json":{"title":"Urgence D\u00e9pannage Serrurerie Vitrerie","description":"Nos artisans sont avec vous 24h\/24 et 7j\/7 en 30 min. Nous vous d\u00e9pannons en express. Serrurier porte claqu\u00e9e. Contactez nous 07.67.71.87.97","robots":{"index":"index","follow":"follow","max-snippet":"max-snippet:-1","max-image-preview":"max-image-preview:large","max-video-preview":"max-video-preview:-1"},"canonical":"https:\/\/intervention-serrurier-express.fr\/Accueil\/nos-tarifs\/","og_locale":"fr_FR","og_type":"article","og_title":"Serrurier Porte Claqu\u00e9e Urgent \/ Urgence D\u00e9pannage Serrurerie Vitrerie","og_description":"Nos artisans sont avec vous 24h\/24 et 7j\/7 en 30 min. Nous vous d\u00e9pannons en express. Serrurier porte claqu\u00e9e. Contactez nous 07.67.71.87.97","og_url":"https:\/\/intervention-serrurier-express.fr\/Accueil\/nos-tarifs\/","og_site_name":"Urgence D\u00e9pannage Serrurerie Vitrerie","article_modified_time":"2021-09-03T21:25:33+00:00","og_image":[{"width":170,"height":127,"url":"https:\/\/intervention-serrurier-express.fr\/wp-content\/uploads\/2021\/06\/istockphoto-967561470-170x170-1.jpg","type":"image\/jpeg"}],"twitter_card":"summary_large_image","twitter_misc":{"Dur\u00e9e de lecture estim\u00e9e":"3 minutes"},"schema":{"@context":"https:\/\/schema.org","@graph":[{"@type":"WebPage","@id":"https:\/\/intervention-serrurier-express.fr\/Accueil\/nos-tarifs\/","url":"https:\/\/intervention-serrurier-express.fr\/Accueil\/nos-tarifs\/","name":"Serrurier Porte Claqu\u00e9e Urgent \/ Urgence D\u00e9pannage Serrurerie Vitrerie","isPartOf":{"@id":"https:\/\/intervention-serrurier-express.fr\/Accueil\/#website"},"primaryImageOfPage":{"@id":"https:\/\/intervention-serrurier-express.fr\/Accueil\/nos-tarifs\/#primaryimage"},"image":{"@id":"https:\/\/intervention-serrurier-express.fr\/Accueil\/nos-tarifs\/#primaryimage"},"thumbnailUrl":"https:\/\/intervention-serrurier-express.fr\/wp-content\/uploads\/2021\/06\/istockphoto-967561470-170x170-1.jpg","datePublished":"2021-05-17T01:52:19+00:00","dateModified":"2021-09-03T21:25:33+00:00","description":"Nos artisans sont avec vous 24h\/24 et 7j\/7 en 30 min. Nous vous d\u00e9pannons en express. Serrurier porte claqu\u00e9e. Contactez nous 07.67.71.87.97","breadcrumb":{"@id":"https:\/\/intervention-serrurier-express.fr\/Accueil\/nos-tarifs\/#breadcrumb"},"inLanguage":"fr-FR","potentialAction":[{"@type":"ReadAction","target":["https:\/\/intervention-serrurier-express.fr\/Accueil\/nos-tarifs\/"]}]},{"@type":"ImageObject","inLanguage":"fr-FR","@id":"https:\/\/intervention-serrurier-express.fr\/Accueil\/nos-tarifs\/#primaryimage","url":"https:\/\/intervention-serrurier-express.fr\/wp-content\/uploads\/2021\/06\/istockphoto-967561470-170x170-1.jpg","contentUrl":"https:\/\/intervention-serrurier-express.fr\/wp-content\/uploads\/2021\/06\/istockphoto-967561470-170x170-1.jpg","width":170,"height":127,"caption":"Ouverture de porte d\u00e8s 60 euros."},{"@type":"BreadcrumbList","@id":"https:\/\/intervention-serrurier-express.fr\/Accueil\/nos-tarifs\/#breadcrumb","itemListElement":[{"@type":"ListItem","position":1,"name":"Accueil","item":"https:\/\/intervention-serrurier-express.fr\/Accueil\/"},{"@type":"ListItem","position":2,"name":"Tarifs &#8211; Ouverture de porte Claqu\u00e9e 24h\/24 7j\/7 &#8211; Montpellier"}]},{"@type":"WebSite","@id":"https:\/\/intervention-serrurier-express.fr\/Accueil\/#website","url":"https:\/\/intervention-serrurier-express.fr\/Accueil\/","name":"Urgence D\u00e9pannage Serrurerie Vitrerie","description":"Intervention Rapide 24h\/24 , 7j\/7","publisher":{"@id":"https:\/\/intervention-serrurier-express.fr\/Accueil\/#organization"},"potentialAction":[{"@type":"SearchAction","target":{"@type":"EntryPoint","urlTemplate":"https:\/\/intervention-serrurier-express.fr\/Accueil\/?s={search_term_string}"},"query-input":{"@type":"PropertyValueSpecification","valueRequired":true,"valueName":"search_term_string"}}],"inLanguage":"fr-FR"},{"@type":"Organization","@id":"https:\/\/intervention-serrurier-express.fr\/Accueil\/#organization","name":"URGENCE SERRURIER 24\/24 7\/7","url":"https:\/\/intervention-serrurier-express.fr\/Accueil\/","logo":{"@type":"ImageObject","inLanguage":"fr-FR","@id":"https:\/\/intervention-serrurier-express.fr\/Accueil\/#\/schema\/logo\/image\/","url":"https:\/\/urgence-serrurier-montpellier.fr\/wp-content\/uploads\/2021\/06\/77.jpg","contentUrl":"https:\/\/urgence-serrurier-montpellier.fr\/wp-content\/uploads\/2021\/06\/77.jpg","width":248,"height":203,"caption":"URGENCE SERRURIER 24\/24 7\/7"},"image":{"@id":"https:\/\/intervention-serrurier-express.fr\/Accueil\/#\/schema\/logo\/image\/"}}]}},"_links":{"self":[{"href":"https:\/\/intervention-serrurier-express.fr\/Accueil\/wp-json\/wp\/v2\/pages\/59","targetHints":{"allow":["GET"]}}],"collection":[{"href":"https:\/\/intervention-serrurier-express.fr\/Accueil\/wp-json\/wp\/v2\/pages"}],"about":[{"href":"https:\/\/intervention-serrurier-express.fr\/Accueil\/wp-json\/wp\/v2\/types\/page"}],"author":[{"embeddable":true,"href":"https:\/\/intervention-serrurier-express.fr\/Accueil\/wp-json\/wp\/v2\/users\/1"}],"replies":[{"embeddable":true,"href":"https:\/\/intervention-serrurier-express.fr\/Accueil\/wp-json\/wp\/v2\/comments?post=59"}],"version-history":[{"count":31,"href":"https:\/\/intervention-serrurier-express.fr\/Accueil\/wp-json\/wp\/v2\/pages\/59\/revisions"}],"predecessor-version":[{"id":543,"href":"https:\/\/intervention-serrurier-express.fr\/Accueil\/wp-json\/wp\/v2\/pages\/59\/revisions\/543"}],"wp:featuredmedia":[{"embeddable":true,"href":"https:\/\/intervention-serrurier-express.fr\/Accueil\/wp-json\/wp\/v2\/media\/295"}],"wp:attachment":[{"href":"https:\/\/intervention-serrurier-express.fr\/Accueil\/wp-json\/wp\/v2\/media?parent=59"}],"curies":[{"name":"wp","href":"https:\/\/api.w.org\/{rel}","templated":true}]}}